{"id":13390,"date":"2026-03-23T06:36:57","date_gmt":"2026-03-23T06:36:57","guid":{"rendered":"https:\/\/youruniqueshop.shop\/?post_type=product&#038;p=13390"},"modified":"2026-03-23T06:58:30","modified_gmt":"2026-03-23T06:58:30","slug":"plancha-de-vapor-oster-gcstbs-3801","status":"publish","type":"product","link":"https:\/\/youruniqueshop.shop\/da\/vare\/plancha-de-vapor-oster-gcstbs-3801\/","title":{"rendered":"Plancha de Vapor Oster GCSTBS-3801"},"content":{"rendered":"<div data-elementor-type=\"product-post\" data-elementor-id=\"13390\" class=\"elementor elementor-13390\" data-elementor-post-type=\"product\">\n\t\t\t\t<div class=\"elementor-element elementor-element-71c2b2c4 e-flex e-con-boxed e-con e-parent\" data-id=\"71c2b2c4\" data-element_type=\"container\" data-settings=\"{&quot;ekit_has_onepagescroll_dot&quot;:&quot;yes&quot;}\">\n\t\t\t\t\t<div class=\"e-con-inner\">\n\t\t<div class=\"elementor-element elementor-element-4464d812 e-con-full e-flex e-con e-child\" data-id=\"4464d812\" data-element_type=\"container\" data-settings=\"{&quot;ekit_has_onepagescroll_dot&quot;:&quot;yes&quot;}\">\n\t\t\t\t<div class=\"elementor-element elementor-element-30403d68 elementor-widget elementor-widget-video\" data-id=\"30403d68\" data-element_type=\"widget\" data-settings=\"{&quot;video_type&quot;:&quot;hosted&quot;,&quot;controls&quot;:&quot;yes&quot;,&quot;ekit_we_effect_on&quot;:&quot;none&quot;}\" data-widget_type=\"video.default\">\n\t\t\t\t<div class=\"elementor-widget-container\">\n\t\t\t\t\t\t\t<div class=\"e-hosted-video elementor-wrapper elementor-open-inline\">\n\t\t\t\t\t<video class=\"elementor-video\" src=\"https:\/\/youruniqueshop.shop\/wp-content\/uploads\/2026\/03\/video_2026-02-09_14-14-20.mp4\" controls=\"\" preload=\"metadata\" controlslist=\"nodownload\"><\/video>\n\t\t\t\t<\/div>\n\t\t\t\t\t\t<\/div>\n\t\t\t\t<\/div>\n\t\t\t\t<\/div>\n\t\t<div class=\"elementor-element elementor-element-33467cb2 e-con-full e-flex e-con e-child\" data-id=\"33467cb2\" data-element_type=\"container\" data-settings=\"{&quot;ekit_has_onepagescroll_dot&quot;:&quot;yes&quot;}\">\n\t\t\t\t<div class=\"elementor-element elementor-element-3bcd67d elementor-widget elementor-widget-text-editor\" data-id=\"3bcd67d\" data-element_type=\"widget\" data-settings=\"{&quot;ekit_we_effect_on&quot;:&quot;none&quot;}\" data-widget_type=\"text-editor.default\">\n\t\t\t\t<div class=\"elementor-widget-container\">\n\t\t\t\t\t\t\t\t\t<div class=\"elementor-widget-container\">\n Informaci\u00f3n del producto\n<div class=\"product-table\">\n<div class=\"product-row\">\n<div class=\"product-label\"><strong>Peso<\/strong><\/div>\n<div class=\"product-value\">Ligero<\/div>\n<\/div>\n<div class=\"product-row\">\n<div class=\"product-label\"><strong>Uso<\/strong><\/div>\n<div class=\"product-value\">Planchar ropa, eliminar arrugas con vapor<\/div>\n<\/div>\n<div class=\"product-row\">\n<div class=\"product-label\"><strong>Para qui\u00e9n<\/strong><\/div>\n<div class=\"product-value\">Usuarios dom\u00e9sticos, familias<\/div>\n<\/div>\n<div class=\"product-row\">\n<div class=\"product-label\"><strong>Materiale<\/strong><\/div>\n<div class=\"product-value\">Pl\u00e1stico resistente, suela antiadherente<\/div>\n<\/div>\n<\/div>\n<style>\n.product-table {\nwidth: 100%;\nborder-top: 1px solid #000;\nfont-family: Arial, sans-serif;\n}\n.product-row {\ndisplay: flex;\nborder-bottom: 1px solid #000;\npadding: 12px 0;\n}\n.product-label {\nflex: 1;\nfont-weight: bold;\nmin-width: 200px;\npadding-right: 20px;\n}\n.product-value {\nflex: 1;\nmin-width: 200px;\n}\n<\/style>\n<\/div>\t\t\t\t\t\t\t\t<\/div>\n\t\t\t\t<\/div>\n\t\t\t\t<\/div>\n\t\t\t\t\t<\/div>\n\t\t\t\t<\/div>\n\t\t<div class=\"elementor-element elementor-element-77c151c9 e-flex e-con-boxed e-con e-parent\" data-id=\"77c151c9\" data-element_type=\"container\" data-settings=\"{&quot;ekit_has_onepagescroll_dot&quot;:&quot;yes&quot;}\">\n\t\t\t\t\t<div class=\"e-con-inner\">\n\t\t\t\t<div class=\"elementor-element elementor-element-4db2fc07 elementor-widget elementor-widget-heading\" data-id=\"4db2fc07\" data-element_type=\"widget\" data-settings=\"{&quot;ekit_we_effect_on&quot;:&quot;none&quot;}\" data-widget_type=\"heading.default\">\n\t\t\t\t<div class=\"elementor-widget-container\">\n\t\t\t\t\t<h2 class=\"elementor-heading-title elementor-size-default\">Plancha de Vapor Oster GCSTBS-3801<\/h2>\t\t\t\t<\/div>\n\t\t\t\t<\/div>\n\t\t\t\t<div class=\"elementor-element elementor-element-6b15198b elementor-widget elementor-widget-text-editor\" data-id=\"6b15198b\" data-element_type=\"widget\" data-settings=\"{&quot;ekit_we_effect_on&quot;:&quot;none&quot;}\" data-widget_type=\"text-editor.default\">\n\t\t\t\t<div class=\"elementor-widget-container\">\n\t\t\t\t\t\t\t\t\t<p>La plancha de vapor Oster GCSTBS-3801 es una soluci\u00f3n pr\u00e1ctica y eficiente para el planchado dom\u00e9stico, combinando dise\u00f1o elegante (blanco y rojo\/rosa) con funcionalidades que facilitan el trabajo diario y protegen tus prendas.<\/p>\t\t\t\t\t\t\t\t<\/div>\n\t\t\t\t<\/div>\n\t\t\t\t<div class=\"elementor-element elementor-element-6dee3019 elementor-widget elementor-widget-image\" data-id=\"6dee3019\" data-element_type=\"widget\" data-settings=\"{&quot;ekit_we_effect_on&quot;:&quot;none&quot;}\" data-widget_type=\"image.default\">\n\t\t\t\t<div class=\"elementor-widget-container\">\n\t\t\t\t\t\t\t\t\t\t\t\t\t\t\t<img loading=\"lazy\" decoding=\"async\" width=\"1000\" height=\"1000\" src=\"https:\/\/youruniqueshop.shop\/wp-content\/uploads\/2026\/03\/51ZW5XnhbYL._AC_SL1000_-1.jpg\" class=\"attachment-full size-full wp-image-13399 wvs-archive-product-image\" alt=\"\" srcset=\"https:\/\/youruniqueshop.shop\/wp-content\/uploads\/2026\/03\/51ZW5XnhbYL._AC_SL1000_-1.jpg 1000w, https:\/\/youruniqueshop.shop\/wp-content\/uploads\/2026\/03\/51ZW5XnhbYL._AC_SL1000_-1-300x300.jpg 300w, https:\/\/youruniqueshop.shop\/wp-content\/uploads\/2026\/03\/51ZW5XnhbYL._AC_SL1000_-1-150x150.jpg 150w, https:\/\/youruniqueshop.shop\/wp-content\/uploads\/2026\/03\/51ZW5XnhbYL._AC_SL1000_-1-768x768.jpg 768w, https:\/\/youruniqueshop.shop\/wp-content\/uploads\/2026\/03\/51ZW5XnhbYL._AC_SL1000_-1-12x12.jpg 12w, https:\/\/youruniqueshop.shop\/wp-content\/uploads\/2026\/03\/51ZW5XnhbYL._AC_SL1000_-1-600x600.jpg 600w, https:\/\/youruniqueshop.shop\/wp-content\/uploads\/2026\/03\/51ZW5XnhbYL._AC_SL1000_-1-100x100.jpg 100w, https:\/\/youruniqueshop.shop\/wp-content\/uploads\/2026\/03\/51ZW5XnhbYL._AC_SL1000_-1-50x50.jpg 50w, https:\/\/youruniqueshop.shop\/wp-content\/uploads\/2026\/03\/51ZW5XnhbYL._AC_SL1000_-1-1x1.jpg 1w, https:\/\/youruniqueshop.shop\/wp-content\/uploads\/2026\/03\/51ZW5XnhbYL._AC_SL1000_-1-10x10.jpg 10w\" sizes=\"auto, (max-width: 1000px) 100vw, 1000px\" \/>\t\t\t\t\t\t\t\t\t\t\t\t\t\t\t<\/div>\n\t\t\t\t<\/div>\n\t\t\t\t<div class=\"elementor-element elementor-element-6fe0c372 elementor-widget elementor-widget-heading\" data-id=\"6fe0c372\" data-element_type=\"widget\" data-settings=\"{&quot;ekit_we_effect_on&quot;:&quot;none&quot;}\" data-widget_type=\"heading.default\">\n\t\t\t\t<div class=\"elementor-widget-container\">\n\t\t\t\t\t<h2 class=\"elementor-heading-title elementor-size-default\">Beneficios para el usuario<\/h2>\t\t\t\t<\/div>\n\t\t\t\t<\/div>\n\t\t\t\t<div class=\"elementor-element elementor-element-56eb10e5 elementor-widget elementor-widget-text-editor\" data-id=\"56eb10e5\" data-element_type=\"widget\" data-settings=\"{&quot;ekit_we_effect_on&quot;:&quot;none&quot;}\" data-widget_type=\"text-editor.default\">\n\t\t\t\t<div class=\"elementor-widget-container\">\n\t\t\t\t\t\t\t\t\t<ul><li>Ahorra tiempo y esfuerzo en cada sesi\u00f3n de planchado, gracias a su calentamiento r\u00e1pido y vapor potente.<\/li><li>Vers\u00e1til para todas las prendas de la familia, desde camisas formales hasta ropa delicada.<\/li><li>Durabilidad garantizada con el sistema antical, ideal para uso cotidiano.<\/li><li>Dise\u00f1o ergon\u00f3mico y ligero que reduce la fatiga de la mu\u00f1eca y la mano.<\/li><\/ul>\t\t\t\t\t\t\t\t<\/div>\n\t\t\t\t<\/div>\n\t\t\t\t<div class=\"elementor-element elementor-element-2326ece1 elementor-widget elementor-widget-image\" data-id=\"2326ece1\" data-element_type=\"widget\" data-settings=\"{&quot;ekit_we_effect_on&quot;:&quot;none&quot;}\" data-widget_type=\"image.default\">\n\t\t\t\t<div class=\"elementor-widget-container\">\n\t\t\t\t\t\t\t\t\t\t\t\t\t\t\t<img loading=\"lazy\" decoding=\"async\" width=\"1000\" height=\"1000\" src=\"https:\/\/youruniqueshop.shop\/wp-content\/uploads\/2026\/03\/513xGNU0bIL._AC_SL1000_.jpg\" class=\"attachment-full size-full wp-image-13400 wvs-archive-product-image\" alt=\"\" srcset=\"https:\/\/youruniqueshop.shop\/wp-content\/uploads\/2026\/03\/513xGNU0bIL._AC_SL1000_.jpg 1000w, https:\/\/youruniqueshop.shop\/wp-content\/uploads\/2026\/03\/513xGNU0bIL._AC_SL1000_-300x300.jpg 300w, https:\/\/youruniqueshop.shop\/wp-content\/uploads\/2026\/03\/513xGNU0bIL._AC_SL1000_-150x150.jpg 150w, https:\/\/youruniqueshop.shop\/wp-content\/uploads\/2026\/03\/513xGNU0bIL._AC_SL1000_-768x768.jpg 768w, https:\/\/youruniqueshop.shop\/wp-content\/uploads\/2026\/03\/513xGNU0bIL._AC_SL1000_-12x12.jpg 12w, https:\/\/youruniqueshop.shop\/wp-content\/uploads\/2026\/03\/513xGNU0bIL._AC_SL1000_-600x600.jpg 600w, https:\/\/youruniqueshop.shop\/wp-content\/uploads\/2026\/03\/513xGNU0bIL._AC_SL1000_-100x100.jpg 100w, https:\/\/youruniqueshop.shop\/wp-content\/uploads\/2026\/03\/513xGNU0bIL._AC_SL1000_-50x50.jpg 50w, https:\/\/youruniqueshop.shop\/wp-content\/uploads\/2026\/03\/513xGNU0bIL._AC_SL1000_-1x1.jpg 1w, https:\/\/youruniqueshop.shop\/wp-content\/uploads\/2026\/03\/513xGNU0bIL._AC_SL1000_-10x10.jpg 10w\" sizes=\"auto, (max-width: 1000px) 100vw, 1000px\" \/>\t\t\t\t\t\t\t\t\t\t\t\t\t\t\t<\/div>\n\t\t\t\t<\/div>\n\t\t\t\t\t<\/div>\n\t\t\t\t<\/div>\n\t\t\t\t<\/div>","protected":false},"excerpt":{"rendered":"<p>https:\/\/youruniqueshop.shop\/wp-content\/uploads\/2026\/03\/video_2026-02-09_14-14-20.mp4 Informaci\u00f3n del producto Peso Ligero Uso Planchar ropa, eliminar arrugas con vapor Para qui\u00e9n Usuarios dom\u00e9sticos, familias Material Pl\u00e1stico&#8230;<\/p>","protected":false},"featured_media":13391,"comment_status":"open","ping_status":"closed","template":"","meta":{"_acf_changed":false},"etheme_brands":[],"product_brand":[],"product_cat":[118],"product_tag":[],"class_list":{"0":"post-13390","1":"product","2":"type-product","3":"status-publish","4":"has-post-thumbnail","6":"product_cat-sale-shop","8":"first","9":"instock","10":"sale","11":"shipping-taxable","12":"purchasable","13":"product-type-simple"},"acf":[],"_links":{"self":[{"href":"https:\/\/youruniqueshop.shop\/da\/wp-json\/wp\/v2\/product\/13390","targetHints":{"allow":["GET"]}}],"collection":[{"href":"https:\/\/youruniqueshop.shop\/da\/wp-json\/wp\/v2\/product"}],"about":[{"href":"https:\/\/youruniqueshop.shop\/da\/wp-json\/wp\/v2\/types\/product"}],"replies":[{"embeddable":true,"href":"https:\/\/youruniqueshop.shop\/da\/wp-json\/wp\/v2\/comments?post=13390"}],"version-history":[{"count":4,"href":"https:\/\/youruniqueshop.shop\/da\/wp-json\/wp\/v2\/product\/13390\/revisions"}],"predecessor-version":[{"id":13408,"href":"https:\/\/youruniqueshop.shop\/da\/wp-json\/wp\/v2\/product\/13390\/revisions\/13408"}],"wp:featuredmedia":[{"embeddable":true,"href":"https:\/\/youruniqueshop.shop\/da\/wp-json\/wp\/v2\/media\/13391"}],"wp:attachment":[{"href":"https:\/\/youruniqueshop.shop\/da\/wp-json\/wp\/v2\/media?parent=13390"}],"wp:term":[{"taxonomy":"brand","embeddable":true,"href":"https:\/\/youruniqueshop.shop\/da\/wp-json\/wp\/v2\/etheme_brands?post=13390"},{"taxonomy":"product_brand","embeddable":true,"href":"https:\/\/youruniqueshop.shop\/da\/wp-json\/wp\/v2\/product_brand?post=13390"},{"taxonomy":"product_cat","embeddable":true,"href":"https:\/\/youruniqueshop.shop\/da\/wp-json\/wp\/v2\/product_cat?post=13390"},{"taxonomy":"product_tag","embeddable":true,"href":"https:\/\/youruniqueshop.shop\/da\/wp-json\/wp\/v2\/product_tag?post=13390"}],"curies":[{"name":"wp","href":"https:\/\/api.w.org\/{rel}","templated":true}]}}