{"id":13482,"date":"2026-04-03T02:42:54","date_gmt":"2026-04-03T02:42:54","guid":{"rendered":"https:\/\/youruniqueshop.shop\/?post_type=product&#038;p=13482"},"modified":"2026-04-03T02:57:30","modified_gmt":"2026-04-03T02:57:30","slug":"protector-de-pantalla-de-vidrio-templado-para-iphone-%ef%bc%8csamsung%ef%bc%8caccesorios-para-protector-de-pantalla-de-iphone-dispositivos-de-proteccion-cristal-protector-portatil-protegido","status":"publish","type":"product","link":"https:\/\/youruniqueshop.shop\/da\/vare\/protector-de-pantalla-de-vidrio-templado-para-iphone-%ef%bc%8csamsung%ef%bc%8caccesorios-para-protector-de-pantalla-de-iphone-dispositivos-de-proteccion-cristal-protector-portatil-protegido\/","title":{"rendered":"Protector de pantalla de vidrio templado para iPhone \uff0cSamsung\uff0cAccesorios para protector de pantalla de iPhone. Dispositivos de protecci\u00f3n. Cristal protector. Port\u00e1til protegido."},"content":{"rendered":"<div data-elementor-type=\"product-post\" data-elementor-id=\"13482\" class=\"elementor elementor-13482\" data-elementor-post-type=\"product\">\n\t\t\t\t<div class=\"elementor-element elementor-element-35e43b37 e-flex e-con-boxed e-con e-parent\" data-id=\"35e43b37\" data-element_type=\"container\" data-settings=\"{&quot;ekit_has_onepagescroll_dot&quot;:&quot;yes&quot;}\">\n\t\t\t\t\t<div class=\"e-con-inner\">\n\t\t<div class=\"elementor-element elementor-element-4d78d334 e-grid e-con-full e-con e-child\" data-id=\"4d78d334\" data-element_type=\"container\" data-settings=\"{&quot;ekit_has_onepagescroll_dot&quot;:&quot;yes&quot;}\">\n\t\t\t\t<div class=\"elementor-element elementor-element-248abf8d elementor-widget elementor-widget-video\" data-id=\"248abf8d\" data-element_type=\"widget\" data-settings=\"{&quot;video_type&quot;:&quot;hosted&quot;,&quot;controls&quot;:&quot;yes&quot;,&quot;ekit_we_effect_on&quot;:&quot;none&quot;}\" data-widget_type=\"video.default\">\n\t\t\t\t<div class=\"elementor-widget-container\">\n\t\t\t\t\t\t\t<div class=\"e-hosted-video elementor-wrapper elementor-open-inline\">\n\t\t\t\t\t<video class=\"elementor-video\" src=\"https:\/\/youruniqueshop.shop\/wp-content\/uploads\/2026\/04\/video_2026-03-27_11-27-57.mp4\" controls=\"\" preload=\"metadata\" controlslist=\"nodownload\"><\/video>\n\t\t\t\t<\/div>\n\t\t\t\t\t\t<\/div>\n\t\t\t\t<\/div>\n\t\t\t\t<div class=\"elementor-element elementor-element-6990fe0c elementor-widget elementor-widget-text-editor\" data-id=\"6990fe0c\" data-element_type=\"widget\" data-settings=\"{&quot;ekit_we_effect_on&quot;:&quot;none&quot;}\" data-widget_type=\"text-editor.default\">\n\t\t\t\t<div class=\"elementor-widget-container\">\n\t\t\t\t\t\t\t\t\t<div class=\"elementor-widget-container\">\n# Features &#038; Specs\n<div class=\"product-table\">\n<div class=\"product-row\">\n<div class=\"product-label\"><strong>Finish Type<\/strong><\/div>\n<div class=\"product-value\"><strong>Glossy<\/strong><\/div>\n<\/div>\n<div class=\"product-row\">\n<div class=\"product-label\"><strong>Screen Size<\/strong><\/div>\n<div class=\"product-value\"><strong>6.3 Inches<\/strong><\/div>\n<\/div>\n<div class=\"product-row\">\n<div class=\"product-label\"><strong>Screen Surface Description<\/strong><\/div>\n<div class=\"product-value\"><strong>Glossy<\/strong><\/div>\n<\/div>\n<div class=\"product-row\">\n<div class=\"product-label\"><strong>Clarity<\/strong><\/div>\n<div class=\"product-value\"><strong>10<\/strong><\/div>\n<\/div>\n<div class=\"product-row\">\n<div class=\"product-label\"><strong>Item Dimensions L x W<\/strong><\/div>\n<div class=\"product-value\"><strong>5.59&#8243;L x 2.6&#8243;W<\/strong><\/div>\n<\/div>\n<div class=\"product-row\">\n<div class=\"product-label\"><strong>Number of Items<\/strong><\/div>\n<div class=\"product-value\"><strong>2<\/strong><\/div>\n<\/div>\n<\/div>\n<style>\n.product-table {\nwidth: 100%;\nborder-top: 1px solid #000;\nfont-family: Arial, sans-serif;\n}\n.product-row {\ndisplay: flex;\nborder-bottom: 1px solid #000;\npadding: 12px 0;\n}\n.product-label {\nflex: 1;\nfont-weight: bold;\nmin-width: 200px;\npadding-right: 20px;\n}\n.product-value {\nflex: 1;\nmin-width: 200px;\n}\n<\/style>\n<\/div>\t\t\t\t\t\t\t\t<\/div>\n\t\t\t\t<\/div>\n\t\t\t\t<\/div>\n\t\t\t\t\t<\/div>\n\t\t\t\t<\/div>\n\t\t<div class=\"elementor-element elementor-element-38e56c60 e-flex e-con-boxed e-con e-parent\" data-id=\"38e56c60\" data-element_type=\"container\" data-settings=\"{&quot;ekit_has_onepagescroll_dot&quot;:&quot;yes&quot;}\">\n\t\t\t\t\t<div class=\"e-con-inner\">\n\t\t\t\t<div class=\"elementor-element elementor-element-6794ac8f elementor--h-position-center elementor--v-position-middle elementor-arrows-position-inside elementor-pagination-position-inside elementor-widget elementor-widget-slides\" data-id=\"6794ac8f\" data-element_type=\"widget\" data-settings=\"{&quot;navigation&quot;:&quot;both&quot;,&quot;autoplay&quot;:&quot;yes&quot;,&quot;pause_on_hover&quot;:&quot;yes&quot;,&quot;pause_on_interaction&quot;:&quot;yes&quot;,&quot;autoplay_speed&quot;:5000,&quot;infinite&quot;:&quot;yes&quot;,&quot;transition&quot;:&quot;slide&quot;,&quot;transition_speed&quot;:500,&quot;ekit_we_effect_on&quot;:&quot;none&quot;}\" data-widget_type=\"slides.default\">\n\t\t\t\t<div class=\"elementor-widget-container\">\n\t\t\t\t\t\t\t\t\t<div class=\"elementor-swiper\">\r\n\t\t\t\t\t<div class=\"elementor-slides-wrapper elementor-main-swiper swiper\" role=\"region\" aria-roledescription=\"carousel\" aria-label=\"Lysbilleder\" dir=\"ltr\" data-animation=\"fadeInUp\">\r\n\t\t\t\t<div class=\"swiper-wrapper elementor-slides\">\r\n\t\t\t\t\t\t\t\t\t\t<div class=\"elementor-repeater-item-e81c99f swiper-slide\" role=\"group\" aria-roledescription=\"slide\"><div class=\"swiper-slide-bg\" role=\"img\" aria-label=\"97f913cd-92b6-4c94-ae2b-277423d768eb.__CR001464600_PT0_SX1464_V1___.jpg\"><\/div><div class=\"swiper-slide-inner\" ><div class=\"swiper-slide-contents\"><\/div><\/div><\/div><div class=\"elementor-repeater-item-9f3e870 swiper-slide\" role=\"group\" aria-roledescription=\"slide\"><div class=\"swiper-slide-bg\" role=\"img\" aria-label=\"f396e294-0beb-4ad2-89f1-78866a3d0235.__CR001464600_PT0_SX1464_V1___.jpg\"><\/div><div class=\"swiper-slide-inner\" ><div class=\"swiper-slide-contents\"><div class=\"elementor-slide-description\">r<\/div><\/div><\/div><\/div><div class=\"elementor-repeater-item-2ecb728 swiper-slide\" role=\"group\" aria-roledescription=\"slide\"><div class=\"swiper-slide-bg\" role=\"img\" aria-label=\"80afb3bb-5a49-4c0a-9448-ef731c5688c6.__CR001464600_PT0_SX1464_V1___.jpg\"><\/div><div class=\"swiper-slide-inner\" ><div class=\"swiper-slide-contents\"><\/div><\/div><\/div>\t\t\t\t<\/div>\r\n\t\t\t\t\t\t\t\t\t\t\t\t\t\t\t<div class=\"elementor-swiper-button elementor-swiper-button-prev\" role=\"button\" tabindex=\"0\" aria-label=\"Forrige slide\">\r\n\t\t\t\t\t\t\t<svg aria-hidden=\"true\" class=\"e-font-icon-svg e-eicon-chevron-left\" viewbox=\"0 0 1000 1000\" xmlns=\"http:\/\/www.w3.org\/2000\/svg\"><path d=\"M646 125C629 125 613 133 604 142L308 442C296 454 292 471 292 487 292 504 296 521 308 533L604 854C617 867 629 875 646 875 663 875 679 871 692 858 704 846 713 829 713 812 713 796 708 779 692 767L438 487 692 225C700 217 708 204 708 187 708 171 704 154 692 142 675 129 663 125 646 125Z\"><\/path><\/svg>\t\t\t\t\t\t<\/div>\r\n\t\t\t\t\t\t<div class=\"elementor-swiper-button elementor-swiper-button-next\" role=\"button\" tabindex=\"0\" aria-label=\"N\u00e6ste slide\">\r\n\t\t\t\t\t\t\t<svg aria-hidden=\"true\" class=\"e-font-icon-svg e-eicon-chevron-right\" viewbox=\"0 0 1000 1000\" xmlns=\"http:\/\/www.w3.org\/2000\/svg\"><path d=\"M696 533C708 521 713 504 713 487 713 471 708 454 696 446L400 146C388 133 375 125 354 125 338 125 325 129 313 142 300 154 292 171 292 187 292 204 296 221 308 233L563 492 304 771C292 783 288 800 288 817 288 833 296 850 308 863 321 871 338 875 354 875 371 875 388 867 400 854L696 533Z\"><\/path><\/svg>\t\t\t\t\t\t<\/div>\r\n\t\t\t\t\t\t\t\t\t\t\t\t\t\t\t\t<div class=\"swiper-pagination\"><\/div>\r\n\t\t\t\t\t\t\t\t\t\t\t\t<\/div>\r\n\t\t\t\t<\/div>\r\n\t\t\t\t\t\t\t\t<\/div>\n\t\t\t\t<\/div>\n\t\t\t\t\t<\/div>\n\t\t\t\t<\/div>\n\t\t<div class=\"elementor-element elementor-element-4729017b e-flex e-con-boxed e-con e-parent\" data-id=\"4729017b\" data-element_type=\"container\" data-settings=\"{&quot;ekit_has_onepagescroll_dot&quot;:&quot;yes&quot;}\">\n\t\t\t\t\t<div class=\"e-con-inner\">\n\t\t\t\t<div class=\"elementor-element elementor-element-6ed79b48 elementor-widget elementor-widget-image\" data-id=\"6ed79b48\" data-element_type=\"widget\" data-settings=\"{&quot;ekit_we_effect_on&quot;:&quot;none&quot;}\" data-widget_type=\"image.default\">\n\t\t\t\t<div class=\"elementor-widget-container\">\n\t\t\t\t\t\t\t\t\t\t\t\t\t\t\t<img loading=\"lazy\" decoding=\"async\" width=\"1464\" height=\"600\" src=\"https:\/\/youruniqueshop.shop\/wp-content\/uploads\/2026\/04\/cdbae44b-2c44-4a7c-a67a-40d712f3d679.__CR001464600_PT0_SX1464_V1___.jpg\" class=\"attachment-full size-full wp-image-13500 wvs-archive-product-image\" alt=\"\" srcset=\"https:\/\/youruniqueshop.shop\/wp-content\/uploads\/2026\/04\/cdbae44b-2c44-4a7c-a67a-40d712f3d679.__CR001464600_PT0_SX1464_V1___.jpg 1464w, https:\/\/youruniqueshop.shop\/wp-content\/uploads\/2026\/04\/cdbae44b-2c44-4a7c-a67a-40d712f3d679.__CR001464600_PT0_SX1464_V1___-300x123.jpg 300w, https:\/\/youruniqueshop.shop\/wp-content\/uploads\/2026\/04\/cdbae44b-2c44-4a7c-a67a-40d712f3d679.__CR001464600_PT0_SX1464_V1___-1024x420.jpg 1024w, https:\/\/youruniqueshop.shop\/wp-content\/uploads\/2026\/04\/cdbae44b-2c44-4a7c-a67a-40d712f3d679.__CR001464600_PT0_SX1464_V1___-768x315.jpg 768w, https:\/\/youruniqueshop.shop\/wp-content\/uploads\/2026\/04\/cdbae44b-2c44-4a7c-a67a-40d712f3d679.__CR001464600_PT0_SX1464_V1___-18x7.jpg 18w, https:\/\/youruniqueshop.shop\/wp-content\/uploads\/2026\/04\/cdbae44b-2c44-4a7c-a67a-40d712f3d679.__CR001464600_PT0_SX1464_V1___-600x246.jpg 600w, https:\/\/youruniqueshop.shop\/wp-content\/uploads\/2026\/04\/cdbae44b-2c44-4a7c-a67a-40d712f3d679.__CR001464600_PT0_SX1464_V1___-1x1.jpg 1w, https:\/\/youruniqueshop.shop\/wp-content\/uploads\/2026\/04\/cdbae44b-2c44-4a7c-a67a-40d712f3d679.__CR001464600_PT0_SX1464_V1___-10x4.jpg 10w\" sizes=\"auto, (max-width: 1464px) 100vw, 1464px\" \/>\t\t\t\t\t\t\t\t\t\t\t\t\t\t\t<\/div>\n\t\t\t\t<\/div>\n\t\t\t\t<div class=\"elementor-element elementor-element-360c11db elementor-widget elementor-widget-heading\" data-id=\"360c11db\" data-element_type=\"widget\" data-settings=\"{&quot;ekit_we_effect_on&quot;:&quot;none&quot;}\" data-widget_type=\"heading.default\">\n\t\t\t\t<div class=\"elementor-widget-container\">\n\t\t\t\t\t<h2 class=\"elementor-heading-title elementor-size-default\">Sensibilidad t\u00e1ctil ultradelgada \u2013 Respuesta instant\u00e1nea<\/h2>\t\t\t\t<\/div>\n\t\t\t\t<\/div>\n\t\t\t\t<div class=\"elementor-element elementor-element-a323911 elementor-widget elementor-widget-text-editor\" data-id=\"a323911\" data-element_type=\"widget\" data-settings=\"{&quot;ekit_we_effect_on&quot;:&quot;none&quot;}\" data-widget_type=\"text-editor.default\">\n\t\t\t\t<div class=\"elementor-widget-container\">\n\t\t\t\t\t\t\t\t\t<p>Con un grosor ultradelgado de\u00a0<strong>0.2 mm a 0.33 mm<\/strong>, el protector mantiene la sensibilidad t\u00e1ctil original del dispositivo. La respuesta al tacto es fluida e instant\u00e1nea, sin retrasos ni interferencias. Ideal para gamers y usuarios que exigen la m\u00e1xima precisi\u00f3n en cada deslizamiento y pulsaci\u00f3n .<\/p>\t\t\t\t\t\t\t\t<\/div>\n\t\t\t\t<\/div>\n\t\t\t\t<div class=\"elementor-element elementor-element-4e36ccd elementor-widget elementor-widget-image\" data-id=\"4e36ccd\" data-element_type=\"widget\" data-settings=\"{&quot;ekit_we_effect_on&quot;:&quot;none&quot;}\" data-widget_type=\"image.default\">\n\t\t\t\t<div class=\"elementor-widget-container\">\n\t\t\t\t\t\t\t\t\t\t\t\t\t\t\t<img loading=\"lazy\" decoding=\"async\" width=\"1464\" height=\"600\" src=\"https:\/\/youruniqueshop.shop\/wp-content\/uploads\/2026\/04\/3c863c3d-d976-48b5-9c27-f13b482bceef.__CR001464600_PT0_SX1464_V1___.jpg\" class=\"attachment-full size-full wp-image-13501 wvs-archive-product-image\" alt=\"\" srcset=\"https:\/\/youruniqueshop.shop\/wp-content\/uploads\/2026\/04\/3c863c3d-d976-48b5-9c27-f13b482bceef.__CR001464600_PT0_SX1464_V1___.jpg 1464w, https:\/\/youruniqueshop.shop\/wp-content\/uploads\/2026\/04\/3c863c3d-d976-48b5-9c27-f13b482bceef.__CR001464600_PT0_SX1464_V1___-300x123.jpg 300w, https:\/\/youruniqueshop.shop\/wp-content\/uploads\/2026\/04\/3c863c3d-d976-48b5-9c27-f13b482bceef.__CR001464600_PT0_SX1464_V1___-1024x420.jpg 1024w, https:\/\/youruniqueshop.shop\/wp-content\/uploads\/2026\/04\/3c863c3d-d976-48b5-9c27-f13b482bceef.__CR001464600_PT0_SX1464_V1___-768x315.jpg 768w, https:\/\/youruniqueshop.shop\/wp-content\/uploads\/2026\/04\/3c863c3d-d976-48b5-9c27-f13b482bceef.__CR001464600_PT0_SX1464_V1___-18x7.jpg 18w, https:\/\/youruniqueshop.shop\/wp-content\/uploads\/2026\/04\/3c863c3d-d976-48b5-9c27-f13b482bceef.__CR001464600_PT0_SX1464_V1___-600x246.jpg 600w, https:\/\/youruniqueshop.shop\/wp-content\/uploads\/2026\/04\/3c863c3d-d976-48b5-9c27-f13b482bceef.__CR001464600_PT0_SX1464_V1___-1x1.jpg 1w, https:\/\/youruniqueshop.shop\/wp-content\/uploads\/2026\/04\/3c863c3d-d976-48b5-9c27-f13b482bceef.__CR001464600_PT0_SX1464_V1___-10x4.jpg 10w\" sizes=\"auto, (max-width: 1464px) 100vw, 1464px\" \/>\t\t\t\t\t\t\t\t\t\t\t\t\t\t\t<\/div>\n\t\t\t\t<\/div>\n\t\t\t\t<div class=\"elementor-element elementor-element-45213081 elementor-widget elementor-widget-heading\" data-id=\"45213081\" data-element_type=\"widget\" data-settings=\"{&quot;ekit_we_effect_on&quot;:&quot;none&quot;}\" data-widget_type=\"heading.default\">\n\t\t\t\t<div class=\"elementor-widget-container\">\n\t\t\t\t\t<h2 class=\"elementor-heading-title elementor-size-default\">Bordes redondeados 2.5D \u2013 M\u00e1xima comodidad y est\u00e9tica<\/h2>\t\t\t\t<\/div>\n\t\t\t\t<\/div>\n\t\t\t\t<div class=\"elementor-element elementor-element-f7f1368 elementor-widget elementor-widget-text-editor\" data-id=\"f7f1368\" data-element_type=\"widget\" data-settings=\"{&quot;ekit_we_effect_on&quot;:&quot;none&quot;}\" data-widget_type=\"text-editor.default\">\n\t\t\t\t<div class=\"elementor-widget-container\">\n\t\t\t\t\t\t\t\t\t<p>Los bordes redondeados con tecnolog\u00eda\u00a0<strong>2.5D<\/strong>\u00a0no solo mejoran la est\u00e9tica, sino que tambi\u00e9n ofrecen una sensaci\u00f3n m\u00e1s suave al tacto. Los bordes se integran perfectamente con la pantalla del dispositivo, eliminando los bordes afilados que pueden resultar inc\u00f3modos o propensos a astillarse .<\/p>\t\t\t\t\t\t\t\t<\/div>\n\t\t\t\t<\/div>\n\t\t<div class=\"elementor-element elementor-element-264ed86d e-con-full e-flex e-con e-child\" data-id=\"264ed86d\" data-element_type=\"container\" data-settings=\"{&quot;ekit_has_onepagescroll_dot&quot;:&quot;yes&quot;}\">\n\t\t\t\t<div class=\"elementor-element elementor-element-12098f0e elementor-widget elementor-widget-image\" data-id=\"12098f0e\" data-element_type=\"widget\" data-settings=\"{&quot;ekit_we_effect_on&quot;:&quot;none&quot;}\" data-widget_type=\"image.default\">\n\t\t\t\t<div class=\"elementor-widget-container\">\n\t\t\t\t\t\t\t\t\t\t\t\t\t\t\t<img loading=\"lazy\" decoding=\"async\" width=\"1464\" height=\"600\" src=\"https:\/\/youruniqueshop.shop\/wp-content\/uploads\/2026\/04\/cfd2ede0-d75f-48d1-8506-bbf6d1866a5c.__CR001464600_PT0_SX1464_V1___.jpg\" class=\"attachment-full size-full wp-image-13502 wvs-archive-product-image\" alt=\"\" srcset=\"https:\/\/youruniqueshop.shop\/wp-content\/uploads\/2026\/04\/cfd2ede0-d75f-48d1-8506-bbf6d1866a5c.__CR001464600_PT0_SX1464_V1___.jpg 1464w, https:\/\/youruniqueshop.shop\/wp-content\/uploads\/2026\/04\/cfd2ede0-d75f-48d1-8506-bbf6d1866a5c.__CR001464600_PT0_SX1464_V1___-300x123.jpg 300w, https:\/\/youruniqueshop.shop\/wp-content\/uploads\/2026\/04\/cfd2ede0-d75f-48d1-8506-bbf6d1866a5c.__CR001464600_PT0_SX1464_V1___-1024x420.jpg 1024w, https:\/\/youruniqueshop.shop\/wp-content\/uploads\/2026\/04\/cfd2ede0-d75f-48d1-8506-bbf6d1866a5c.__CR001464600_PT0_SX1464_V1___-768x315.jpg 768w, https:\/\/youruniqueshop.shop\/wp-content\/uploads\/2026\/04\/cfd2ede0-d75f-48d1-8506-bbf6d1866a5c.__CR001464600_PT0_SX1464_V1___-18x7.jpg 18w, https:\/\/youruniqueshop.shop\/wp-content\/uploads\/2026\/04\/cfd2ede0-d75f-48d1-8506-bbf6d1866a5c.__CR001464600_PT0_SX1464_V1___-600x246.jpg 600w, https:\/\/youruniqueshop.shop\/wp-content\/uploads\/2026\/04\/cfd2ede0-d75f-48d1-8506-bbf6d1866a5c.__CR001464600_PT0_SX1464_V1___-1x1.jpg 1w, https:\/\/youruniqueshop.shop\/wp-content\/uploads\/2026\/04\/cfd2ede0-d75f-48d1-8506-bbf6d1866a5c.__CR001464600_PT0_SX1464_V1___-10x4.jpg 10w\" sizes=\"auto, (max-width: 1464px) 100vw, 1464px\" \/>\t\t\t\t\t\t\t\t\t\t\t\t\t\t\t<\/div>\n\t\t\t\t<\/div>\n\t\t\t\t<div class=\"elementor-element elementor-element-17d6b921 elementor-widget elementor-widget-image\" data-id=\"17d6b921\" data-element_type=\"widget\" data-settings=\"{&quot;ekit_we_effect_on&quot;:&quot;none&quot;}\" data-widget_type=\"image.default\">\n\t\t\t\t<div class=\"elementor-widget-container\">\n\t\t\t\t\t\t\t\t\t\t\t\t\t\t\t<img loading=\"lazy\" decoding=\"async\" width=\"1464\" height=\"600\" src=\"https:\/\/youruniqueshop.shop\/wp-content\/uploads\/2026\/04\/ea7e7bbb-90bf-4b4b-bf18-414de09fed07.__CR001464600_PT0_SX1464_V1___.jpg\" class=\"attachment-full size-full wp-image-13503 wvs-archive-product-image\" alt=\"\" srcset=\"https:\/\/youruniqueshop.shop\/wp-content\/uploads\/2026\/04\/ea7e7bbb-90bf-4b4b-bf18-414de09fed07.__CR001464600_PT0_SX1464_V1___.jpg 1464w, https:\/\/youruniqueshop.shop\/wp-content\/uploads\/2026\/04\/ea7e7bbb-90bf-4b4b-bf18-414de09fed07.__CR001464600_PT0_SX1464_V1___-300x123.jpg 300w, https:\/\/youruniqueshop.shop\/wp-content\/uploads\/2026\/04\/ea7e7bbb-90bf-4b4b-bf18-414de09fed07.__CR001464600_PT0_SX1464_V1___-1024x420.jpg 1024w, https:\/\/youruniqueshop.shop\/wp-content\/uploads\/2026\/04\/ea7e7bbb-90bf-4b4b-bf18-414de09fed07.__CR001464600_PT0_SX1464_V1___-768x315.jpg 768w, https:\/\/youruniqueshop.shop\/wp-content\/uploads\/2026\/04\/ea7e7bbb-90bf-4b4b-bf18-414de09fed07.__CR001464600_PT0_SX1464_V1___-18x7.jpg 18w, https:\/\/youruniqueshop.shop\/wp-content\/uploads\/2026\/04\/ea7e7bbb-90bf-4b4b-bf18-414de09fed07.__CR001464600_PT0_SX1464_V1___-600x246.jpg 600w, https:\/\/youruniqueshop.shop\/wp-content\/uploads\/2026\/04\/ea7e7bbb-90bf-4b4b-bf18-414de09fed07.__CR001464600_PT0_SX1464_V1___-1x1.jpg 1w, https:\/\/youruniqueshop.shop\/wp-content\/uploads\/2026\/04\/ea7e7bbb-90bf-4b4b-bf18-414de09fed07.__CR001464600_PT0_SX1464_V1___-10x4.jpg 10w\" sizes=\"auto, (max-width: 1464px) 100vw, 1464px\" \/>\t\t\t\t\t\t\t\t\t\t\t\t\t\t\t<\/div>\n\t\t\t\t<\/div>\n\t\t\t\t<div class=\"elementor-element elementor-element-4cd2ae39 elementor-widget elementor-widget-image\" data-id=\"4cd2ae39\" data-element_type=\"widget\" data-settings=\"{&quot;ekit_we_effect_on&quot;:&quot;none&quot;}\" data-widget_type=\"image.default\">\n\t\t\t\t<div class=\"elementor-widget-container\">\n\t\t\t\t\t\t\t\t\t\t\t\t\t\t\t<img loading=\"lazy\" decoding=\"async\" width=\"1464\" height=\"600\" src=\"https:\/\/youruniqueshop.shop\/wp-content\/uploads\/2026\/04\/5da38c1f-51b8-419e-b538-5a4fb655b47d.__CR001464600_PT0_SX1464_V1___.jpg\" class=\"attachment-full size-full wp-image-13504 wvs-archive-product-image\" alt=\"\" srcset=\"https:\/\/youruniqueshop.shop\/wp-content\/uploads\/2026\/04\/5da38c1f-51b8-419e-b538-5a4fb655b47d.__CR001464600_PT0_SX1464_V1___.jpg 1464w, https:\/\/youruniqueshop.shop\/wp-content\/uploads\/2026\/04\/5da38c1f-51b8-419e-b538-5a4fb655b47d.__CR001464600_PT0_SX1464_V1___-300x123.jpg 300w, https:\/\/youruniqueshop.shop\/wp-content\/uploads\/2026\/04\/5da38c1f-51b8-419e-b538-5a4fb655b47d.__CR001464600_PT0_SX1464_V1___-1024x420.jpg 1024w, https:\/\/youruniqueshop.shop\/wp-content\/uploads\/2026\/04\/5da38c1f-51b8-419e-b538-5a4fb655b47d.__CR001464600_PT0_SX1464_V1___-768x315.jpg 768w, https:\/\/youruniqueshop.shop\/wp-content\/uploads\/2026\/04\/5da38c1f-51b8-419e-b538-5a4fb655b47d.__CR001464600_PT0_SX1464_V1___-18x7.jpg 18w, https:\/\/youruniqueshop.shop\/wp-content\/uploads\/2026\/04\/5da38c1f-51b8-419e-b538-5a4fb655b47d.__CR001464600_PT0_SX1464_V1___-600x246.jpg 600w, https:\/\/youruniqueshop.shop\/wp-content\/uploads\/2026\/04\/5da38c1f-51b8-419e-b538-5a4fb655b47d.__CR001464600_PT0_SX1464_V1___-1x1.jpg 1w, https:\/\/youruniqueshop.shop\/wp-content\/uploads\/2026\/04\/5da38c1f-51b8-419e-b538-5a4fb655b47d.__CR001464600_PT0_SX1464_V1___-10x4.jpg 10w\" sizes=\"auto, (max-width: 1464px) 100vw, 1464px\" \/>\t\t\t\t\t\t\t\t\t\t\t\t\t\t\t<\/div>\n\t\t\t\t<\/div>\n\t\t\t\t<\/div>\n\t\t\t\t\t<\/div>\n\t\t\t\t<\/div>\n\t\t\t\t<\/div>","protected":false},"excerpt":{"rendered":"<h1 class=\"a-size-base-plus a-text-bold\">Om denne vare<\/h1>\n<ul class=\"a-unordered-list a-vertical a-spacing-mini\">\n<li class=\"a-spacing-mini\"><span class=\"a-list-item\">Superior Screen Protection: Made from new AluminaCore glass for the best ultimate screen protector against daily drops and scratches<\/span><\/li>\n<li class=\"a-spacing-mini\"><span class=\"a-list-item\">New AluminaCore Technology: High-purity alumina-silicate glass undergoes a ion exchange strengthening process to maximize protection<\/span><\/li>\n<li class=\"a-spacing-mini\"><span class=\"a-list-item\">Natural Touch and Clarity: Experience fast touch sensitivity with zero lag and total light transmittance for an ultra clear display<\/span><\/li>\n<\/ul>","protected":false},"featured_media":13486,"comment_status":"open","ping_status":"closed","template":"","meta":{"_acf_changed":false},"etheme_brands":[],"product_brand":[],"product_cat":[127,118],"product_tag":[],"class_list":{"0":"post-13482","1":"product","2":"type-product","3":"status-publish","4":"has-post-thumbnail","6":"product_cat-dao","7":"product_cat-sale-shop","9":"first","10":"instock","11":"sale","12":"shipping-taxable","13":"purchasable","14":"product-type-variable","15":"has-default-attributes","16":"wvs-archive-product-wrapper"},"acf":[],"_links":{"self":[{"href":"https:\/\/youruniqueshop.shop\/da\/wp-json\/wp\/v2\/product\/13482","targetHints":{"allow":["GET"]}}],"collection":[{"href":"https:\/\/youruniqueshop.shop\/da\/wp-json\/wp\/v2\/product"}],"about":[{"href":"https:\/\/youruniqueshop.shop\/da\/wp-json\/wp\/v2\/types\/product"}],"replies":[{"embeddable":true,"href":"https:\/\/youruniqueshop.shop\/da\/wp-json\/wp\/v2\/comments?post=13482"}],"version-history":[{"count":4,"href":"https:\/\/youruniqueshop.shop\/da\/wp-json\/wp\/v2\/product\/13482\/revisions"}],"predecessor-version":[{"id":13510,"href":"https:\/\/youruniqueshop.shop\/da\/wp-json\/wp\/v2\/product\/13482\/revisions\/13510"}],"wp:featuredmedia":[{"embeddable":true,"href":"https:\/\/youruniqueshop.shop\/da\/wp-json\/wp\/v2\/media\/13486"}],"wp:attachment":[{"href":"https:\/\/youruniqueshop.shop\/da\/wp-json\/wp\/v2\/media?parent=13482"}],"wp:term":[{"taxonomy":"brand","embeddable":true,"href":"https:\/\/youruniqueshop.shop\/da\/wp-json\/wp\/v2\/etheme_brands?post=13482"},{"taxonomy":"product_brand","embeddable":true,"href":"https:\/\/youruniqueshop.shop\/da\/wp-json\/wp\/v2\/product_brand?post=13482"},{"taxonomy":"product_cat","embeddable":true,"href":"https:\/\/youruniqueshop.shop\/da\/wp-json\/wp\/v2\/product_cat?post=13482"},{"taxonomy":"product_tag","embeddable":true,"href":"https:\/\/youruniqueshop.shop\/da\/wp-json\/wp\/v2\/product_tag?post=13482"}],"curies":[{"name":"wp","href":"https:\/\/api.w.org\/{rel}","templated":true}]}}